{"id":8881,"date":"2023-03-14T13:58:20","date_gmt":"2023-03-14T12:58:20","guid":{"rendered":"https:\/\/czaje.com\/?page_id=8881"},"modified":"2024-09-26T19:55:03","modified_gmt":"2024-09-26T17:55:03","slug":"torebki-jedwabne-apaszki-i-autorskie-mieszanki-ziol","status":"publish","type":"page","link":"https:\/\/backup.czaje.com\/en\/","title":{"rendered":"G\u0141\u00d3WNA"},"content":{"rendered":"<p><img decoding=\"async\" src=\"http:\/\/czaje.com\/wp-content\/uploads\/2023\/04\/sygnet-184x300.png\" alt=\"\" loading=\"lazy\" srcset=\"https:\/\/i0.wp.com\/czaje.com\/wp-content\/uploads\/2023\/04\/sygnet.png?resize=184%2C300 184w, https:\/\/i0.wp.com\/czaje.com\/wp-content\/uploads\/2023\/04\/sygnet.png?resize=628%2C1024 628w, https:\/\/i0.wp.com\/czaje.com\/wp-content\/uploads\/2023\/04\/sygnet.png?resize=600%2C978 600w, https:\/\/i0.wp.com\/czaje.com\/wp-content\/uploads\/2023\/04\/sygnet.png?w=731 731w\" sizes=\"auto, (max-width: 184px) 100vw, 184px\" width=\"184\" height=\"300\"><\/p>\n<p style=\"color: #986E8F\"><b>\"CZAJE\" in Polish has several meanings.<\/b><\/p>\n<p><b>In slang, it means \"I understand\" - just like we understand your needs and desires.<\/b><\/p>\n<p><b>It also means \"to creep unnoticed\", and we still sneak around a bit.<\/b><\/p>\n<p><b>But that's because we want to surprise you all the time! <img loading=\"lazy\" decoding=\"async\" src=\"http:\/\/czaje.com\/wp-content\/uploads\/2023\/04\/minka_wino.png\" alt=\"\" width=\"25\" height=\"16\"><\/b><\/p>\n<p><b>Istnieje te\u017c nasza w\u0142asna definicja \u201eczaje\u201d &#8211; obserwacja, rozumienie i sprawianie rado\u015bci poprzez ma\u0142e dzie\u0142a sztuki i nasze niepowa\u017cnie wa\u017cne rzeczy!<\/b><\/p>\n<p><b><br \/>\n<\/b><b><\/b><b><\/b><b><\/b><b><\/b><b>Wyczaimy wi\u0119c wszystkie Twoje potrzeby i otulimy w\u0142a\u015bciwo\u015bciami naszych ma\u0142ych dzie\u0142 sztuki.<\/b><\/p>\n<p><b>A wszystko w zgodzie z has\u0142em \u201eGOOD VIBES ONLY\u201d!<\/b><\/p>\n<p><b><br \/>\n<\/b><b><\/b><b><\/b><\/p>\n<p><a href=\"https:\/\/czaje.com\/sklep\/\"><br \/>\n<img decoding=\"async\" src=\"http:\/\/czaje.com\/wp-content\/uploads\/2023\/04\/Zasob-13.png\" alt=\"\" loading=\"lazy\" srcset=\"https:\/\/i0.wp.com\/czaje.com\/wp-content\/uploads\/2023\/04\/Zasob-13.png?w=6712 6712w, https:\/\/i0.wp.com\/czaje.com\/wp-content\/uploads\/2023\/04\/Zasob-13.png?resize=300%2C25 300w, https:\/\/i0.wp.com\/czaje.com\/wp-content\/uploads\/2023\/04\/Zasob-13.png?resize=1024%2C85 1024w, https:\/\/i0.wp.com\/czaje.com\/wp-content\/uploads\/2023\/04\/Zasob-13.png?resize=768%2C63 768w, https:\/\/i0.wp.com\/czaje.com\/wp-content\/uploads\/2023\/04\/Zasob-13.png?resize=1536%2C127 1536w, https:\/\/i0.wp.com\/czaje.com\/wp-content\/uploads\/2023\/04\/Zasob-13.png?resize=2048%2C169 2048w, https:\/\/i0.wp.com\/czaje.com\/wp-content\/uploads\/2023\/04\/Zasob-13.png?resize=600%2C50 600w, https:\/\/i0.wp.com\/czaje.com\/wp-content\/uploads\/2023\/04\/Zasob-13.png?w=2600 2600w, https:\/\/i0.wp.com\/czaje.com\/wp-content\/uploads\/2023\/04\/Zasob-13.png?w=3900 3900w\" sizes=\"auto, (max-width: 6712px) 100vw, 6712px\" width=\"6712\" height=\"554\">\t\t\t\t\t\t\t\t<\/a><\/p>\n<h2 style=\"color: #FAF3AD\">\n\t\tCHECK OUT OUR COLLECTIONS<\/h2>\n<p><img decoding=\"async\" src=\"http:\/\/czaje.com\/wp-content\/uploads\/2023\/03\/linia_maslo.png\" alt=\"\" loading=\"lazy\" srcset=\"https:\/\/i0.wp.com\/czaje.com\/wp-content\/uploads\/2023\/03\/linia_maslo.png?w=6701 6701w, https:\/\/i0.wp.com\/czaje.com\/wp-content\/uploads\/2023\/03\/linia_maslo.png?resize=300%2C25 300w, https:\/\/i0.wp.com\/czaje.com\/wp-content\/uploads\/2023\/03\/linia_maslo.png?resize=1024%2C86 1024w, https:\/\/i0.wp.com\/czaje.com\/wp-content\/uploads\/2023\/03\/linia_maslo.png?resize=768%2C64 768w, https:\/\/i0.wp.com\/czaje.com\/wp-content\/uploads\/2023\/03\/linia_maslo.png?resize=1536%2C129 1536w, https:\/\/i0.wp.com\/czaje.com\/wp-content\/uploads\/2023\/03\/linia_maslo.png?resize=2048%2C171 2048w, https:\/\/i0.wp.com\/czaje.com\/wp-content\/uploads\/2023\/03\/linia_maslo.png?resize=600%2C50 600w, https:\/\/i0.wp.com\/czaje.com\/wp-content\/uploads\/2023\/03\/linia_maslo.png?w=2600 2600w, https:\/\/i0.wp.com\/czaje.com\/wp-content\/uploads\/2023\/03\/linia_maslo.png?w=3900 3900w\" sizes=\"auto, (max-width: 6701px) 100vw, 6701px\" width=\"6701\" height=\"561\"><\/p>\n<h5 style=\"color: #FFFFFF\">\n\t\tWELLMESS<\/h5>\n<p style=\"color: #FFFFFF\">Join our colorful resort and indulge in WELLMESS <br \/>treatments <img loading=\"lazy\" decoding=\"async\" src=\"http:\/\/czaje.com\/wp-content\/uploads\/2023\/04\/serce_biale.png\" alt=\"\" width=\"20\" height=\"16\"><\/p>\n<p>\t\t\t\t\t\t\t\t\t\t\t\t\t\t\t<img decoding=\"async\" src=\"http:\/\/czaje.com\/wp-content\/uploads\/elementor\/thumbs\/new3-q4k6uqlnsudjs6msdnmgvr5e8hwmcxa9fiw88g4f64.png\" title=\"new3\" alt=\"new3\"><br \/>\n<a itemprop=\"url\" href=\"https:\/\/czaje.com\/wellmess\/\" target=\"_self\" rel=\"noopener\"><br \/>\n<img decoding=\"async\" src=\"http:\/\/czaje.com\/wp-content\/uploads\/2023\/04\/WELLMESS.png\" alt=\"\" loading=\"lazy\" srcset=\"https:\/\/i0.wp.com\/czaje.com\/wp-content\/uploads\/2023\/04\/WELLMESS.png?w=1078 1078w, https:\/\/i0.wp.com\/czaje.com\/wp-content\/uploads\/2023\/04\/WELLMESS.png?resize=240%2C300 240w, https:\/\/i0.wp.com\/czaje.com\/wp-content\/uploads\/2023\/04\/WELLMESS.png?resize=818%2C1024 818w, https:\/\/i0.wp.com\/czaje.com\/wp-content\/uploads\/2023\/04\/WELLMESS.png?resize=768%2C962 768w, https:\/\/i0.wp.com\/czaje.com\/wp-content\/uploads\/2023\/04\/WELLMESS.png?resize=600%2C751 600w\" sizes=\"auto, (max-width: 1078px) 100vw, 1078px\" width=\"1078\" height=\"1350\">\t\t\t<\/a><br \/>\n<a href=\"https:\/\/czaje.com\/wellmess\/\" target=\"_self\" data-hover-color=\"#E8B6D5\" data-hover-background-color=\"#FFFFFF\" data-hover-border-color=\"#FFFFFF\" style=\"color: #FFFFFF;border-color: #FFFFFF\" rel=\"noopener\">    <svg xmlns=\"http:\/\/www.w3.org\/2000\/svg\" xmlns:xlink=\"http:\/\/www.w3.org\/1999\/xlink\" x=\"0px\" y=\"0px\" width=\"28\" height=\"18\" viewbox=\"0 0 28 18\" xml:space=\"preserve\"><path d=\"M27.6,8.5c-5.5,0-9.5-8.1-9.5-8.2C17.9,0,17.7,0,17.5,0.1c-0.2,0.1-0.3,0.4-0.1,0.7c0.1,0.3,2.7,5.5,6.7,7.7H0.4C0.2,8.5,0,8.7,0,9c0,0.3,0.2,0.5,0.4,0.5h23.7c-4,2.2-6.6,7.4-6.7,7.7c-0.1,0.2,0,0.5,0.1,0.7c0.2,0.1,0.4,0.1,0.6-0.2c0-0.1,4.1-8.2,9.5-8.2C27.8,9.5,28,9.3,28,9C28,8.7,27.8,8.5,27.6,8.5z\"><\/path><path d=\"M27.6,8.5c-5.5,0-9.5-8.1-9.5-8.2C17.9,0,17.7,0,17.5,0.1c-0.2,0.1-0.3,0.4-0.1,0.7c0.1,0.3,2.7,5.5,6.7,7.7H0.4C0.2,8.5,0,8.7,0,9c0,0.3,0.2,0.5,0.4,0.5h23.7c-4,2.2-6.6,7.4-6.7,7.7c-0.1,0.2,0,0.5,0.1,0.7c0.2,0.1,0.4,0.1,0.6-0.2c0-0.1,4.1-8.2,9.5-8.2C27.8,9.5,28,9.3,28,9C28,8.7,27.8,8.5,27.6,8.5z\"><\/path><\/svg>    SEE MORE<\/a><\/p>\n<h5 style=\"color: #FFFFFF\">\n\t\tNATURKA<\/h5>\n<p style=\"color: #FFFFFF\">Produkty inspirowane najpi\u0119kniejszymi chwilami, sp\u0119dzonymi w naturze &#8211; naturalnie, \u017ce czajowe!<\/p>\n<p>\t\t\t<a itemprop=\"url\" href=\"https:\/\/czaje.com\/naturka\/\" target=\"_self\" rel=\"noopener\"><br \/>\n<img decoding=\"async\" src=\"http:\/\/czaje.com\/wp-content\/uploads\/2023\/04\/NATURKA.png\" alt=\"\" loading=\"lazy\" srcset=\"https:\/\/i0.wp.com\/czaje.com\/wp-content\/uploads\/2023\/04\/NATURKA.png?w=1080 1080w, https:\/\/i0.wp.com\/czaje.com\/wp-content\/uploads\/2023\/04\/NATURKA.png?resize=240%2C300 240w, https:\/\/i0.wp.com\/czaje.com\/wp-content\/uploads\/2023\/04\/NATURKA.png?resize=819%2C1024 819w, https:\/\/i0.wp.com\/czaje.com\/wp-content\/uploads\/2023\/04\/NATURKA.png?resize=768%2C960 768w, https:\/\/i0.wp.com\/czaje.com\/wp-content\/uploads\/2023\/04\/NATURKA.png?resize=600%2C750 600w\" sizes=\"auto, (max-width: 1080px) 100vw, 1080px\" width=\"1080\" height=\"1350\">\t\t\t<\/a><br \/>\n<a href=\"https:\/\/czaje.com\/naturka\/\" target=\"_self\" data-hover-color=\"#E8B6D5\" data-hover-background-color=\"#FFFFFF\" data-hover-border-color=\"#FFFFFF\" style=\"color: #FFFFFF;border-color: #FFFFFF\" rel=\"noopener\">    <svg xmlns=\"http:\/\/www.w3.org\/2000\/svg\" xmlns:xlink=\"http:\/\/www.w3.org\/1999\/xlink\" x=\"0px\" y=\"0px\" width=\"28\" height=\"18\" viewbox=\"0 0 28 18\" xml:space=\"preserve\"><path d=\"M27.6,8.5c-5.5,0-9.5-8.1-9.5-8.2C17.9,0,17.7,0,17.5,0.1c-0.2,0.1-0.3,0.4-0.1,0.7c0.1,0.3,2.7,5.5,6.7,7.7H0.4C0.2,8.5,0,8.7,0,9c0,0.3,0.2,0.5,0.4,0.5h23.7c-4,2.2-6.6,7.4-6.7,7.7c-0.1,0.2,0,0.5,0.1,0.7c0.2,0.1,0.4,0.1,0.6-0.2c0-0.1,4.1-8.2,9.5-8.2C27.8,9.5,28,9.3,28,9C28,8.7,27.8,8.5,27.6,8.5z\"><\/path><path d=\"M27.6,8.5c-5.5,0-9.5-8.1-9.5-8.2C17.9,0,17.7,0,17.5,0.1c-0.2,0.1-0.3,0.4-0.1,0.7c0.1,0.3,2.7,5.5,6.7,7.7H0.4C0.2,8.5,0,8.7,0,9c0,0.3,0.2,0.5,0.4,0.5h23.7c-4,2.2-6.6,7.4-6.7,7.7c-0.1,0.2,0,0.5,0.1,0.7c0.2,0.1,0.4,0.1,0.6-0.2c0-0.1,4.1-8.2,9.5-8.2C27.8,9.5,28,9.3,28,9C28,8.7,27.8,8.5,27.6,8.5z\"><\/path><\/svg>    SEE MORE<\/a><br \/>\n<img decoding=\"async\" src=\"http:\/\/czaje.com\/wp-content\/uploads\/2023\/04\/linia_maslo2.png\" alt=\"\" loading=\"lazy\" srcset=\"https:\/\/i0.wp.com\/czaje.com\/wp-content\/uploads\/2023\/04\/linia_maslo2.png?w=6701 6701w, https:\/\/i0.wp.com\/czaje.com\/wp-content\/uploads\/2023\/04\/linia_maslo2.png?resize=300%2C25 300w, https:\/\/i0.wp.com\/czaje.com\/wp-content\/uploads\/2023\/04\/linia_maslo2.png?resize=1024%2C86 1024w, https:\/\/i0.wp.com\/czaje.com\/wp-content\/uploads\/2023\/04\/linia_maslo2.png?resize=768%2C64 768w, https:\/\/i0.wp.com\/czaje.com\/wp-content\/uploads\/2023\/04\/linia_maslo2.png?resize=1536%2C129 1536w, https:\/\/i0.wp.com\/czaje.com\/wp-content\/uploads\/2023\/04\/linia_maslo2.png?resize=2048%2C171 2048w, https:\/\/i0.wp.com\/czaje.com\/wp-content\/uploads\/2023\/04\/linia_maslo2.png?resize=600%2C50 600w, https:\/\/i0.wp.com\/czaje.com\/wp-content\/uploads\/2023\/04\/linia_maslo2.png?w=2600 2600w, https:\/\/i0.wp.com\/czaje.com\/wp-content\/uploads\/2023\/04\/linia_maslo2.png?w=3900 3900w\" sizes=\"auto, (max-width: 6701px) 100vw, 6701px\" width=\"6701\" height=\"561\"><\/p>\n<h3 style=\"color: #BB283D\">\n\t\tLET'S GET TO KNOW!<\/h3>\n<p style=\"color: #BB283D\">We will take care of all your needs and wrap you up with the properties of our little works of art. And all in accordance with the slogan <b>\u201eGOOD VIBES ONLY\u201d<\/b>!<\/p>\n<p>\t\t<a href=\"https:\/\/czaje.com\/o-nas\/\" target=\"_self\" data-hover-color=\"#F7EF94\" data-hover-background-color=\"#BB283D\" data-hover-border-color=\"#BB283D\" style=\"color: #BB283D;border-color: #BB283D\" rel=\"noopener\">    <svg xmlns=\"http:\/\/www.w3.org\/2000\/svg\" xmlns:xlink=\"http:\/\/www.w3.org\/1999\/xlink\" x=\"0px\" y=\"0px\" width=\"28\" height=\"18\" viewbox=\"0 0 28 18\" xml:space=\"preserve\"><path d=\"M27.6,8.5c-5.5,0-9.5-8.1-9.5-8.2C17.9,0,17.7,0,17.5,0.1c-0.2,0.1-0.3,0.4-0.1,0.7c0.1,0.3,2.7,5.5,6.7,7.7H0.4C0.2,8.5,0,8.7,0,9c0,0.3,0.2,0.5,0.4,0.5h23.7c-4,2.2-6.6,7.4-6.7,7.7c-0.1,0.2,0,0.5,0.1,0.7c0.2,0.1,0.4,0.1,0.6-0.2c0-0.1,4.1-8.2,9.5-8.2C27.8,9.5,28,9.3,28,9C28,8.7,27.8,8.5,27.6,8.5z\"><\/path><path d=\"M27.6,8.5c-5.5,0-9.5-8.1-9.5-8.2C17.9,0,17.7,0,17.5,0.1c-0.2,0.1-0.3,0.4-0.1,0.7c0.1,0.3,2.7,5.5,6.7,7.7H0.4C0.2,8.5,0,8.7,0,9c0,0.3,0.2,0.5,0.4,0.5h23.7c-4,2.2-6.6,7.4-6.7,7.7c-0.1,0.2,0,0.5,0.1,0.7c0.2,0.1,0.4,0.1,0.6-0.2c0-0.1,4.1-8.2,9.5-8.2C27.8,9.5,28,9.3,28,9C28,8.7,27.8,8.5,27.6,8.5z\"><\/path><\/svg>    ABOUT US<\/a><\/p>\n<article>\n\t\t<a itemprop=\"url\"> <!--  href=\"https:\/\/czaje.com\/portfolio-item\/o-nas-2023_1\/\" --><br \/>\n<img loading=\"lazy\" decoding=\"async\" src=\"http:\/\/czaje.com\/wp-content\/uploads\/2023\/03\/galeria1-300x450.png\" alt=\"\" data-ratio=\"0.66666666666667\" width=\"300\" height=\"450\"><br \/>\n<\/a><br \/>\n<!--\t\t--><br \/>\n<!--\t\t\t--><br \/>\n<!--\t\t\t\t<a itemprop=\"url\" href=\"--><!--\"><\/a>--><br \/>\n<!--                --><!--\t\t\t\t--><!--\t\t\t--><br \/>\n<!--\t\t--><br \/>\n<\/article>\n<article>\n\t\t<a itemprop=\"url\"> <!--  href=\"https:\/\/czaje.com\/portfolio-item\/o-nas_2021_2\/\" --><br \/>\n<img loading=\"lazy\" decoding=\"async\" src=\"http:\/\/czaje.com\/wp-content\/uploads\/2023\/03\/galeria2-300x450.png\" alt=\"\" data-ratio=\"0.66666666666667\" width=\"300\" height=\"450\"><br \/>\n<\/a><br \/>\n<!--\t\t--><br \/>\n<!--\t\t\t--><br \/>\n<!--\t\t\t\t<a itemprop=\"url\" href=\"--><!--\"><\/a>--><br \/>\n<!--                --><!--\t\t\t\t--><!--\t\t\t--><br \/>\n<!--\t\t--><br \/>\n<\/article>\n<article>\n\t\t<a itemprop=\"url\"> <!--  href=\"https:\/\/czaje.com\/portfolio-item\/o-nas_2023_3\/\" --><br \/>\n<img loading=\"lazy\" decoding=\"async\" src=\"http:\/\/czaje.com\/wp-content\/uploads\/2023\/03\/galeria3-300x450.png\" alt=\"\" data-ratio=\"0.66666666666667\" width=\"300\" height=\"450\"><br \/>\n<\/a><br \/>\n<!--\t\t--><br \/>\n<!--\t\t\t--><br \/>\n<!--\t\t\t\t<a itemprop=\"url\" href=\"--><!--\"><\/a>--><br \/>\n<!--                --><!--\t\t\t\t--><!--\t\t\t--><br \/>\n<!--\t\t--><br \/>\n<\/article>\n<article>\n\t\t<a itemprop=\"url\"> <!--  href=\"https:\/\/czaje.com\/portfolio-item\/o-nas-2023_4\/\" --><br \/>\n<img loading=\"lazy\" decoding=\"async\" src=\"http:\/\/czaje.com\/wp-content\/uploads\/2023\/03\/galeria4-300x450.png\" alt=\"\" data-ratio=\"0.66666666666667\" width=\"300\" height=\"450\"><br \/>\n<\/a><br \/>\n<!--\t\t--><br \/>\n<!--\t\t\t--><br \/>\n<!--\t\t\t\t<a itemprop=\"url\" href=\"--><!--\"><\/a>--><br \/>\n<!--                --><!--\t\t\t\t--><!--\t\t\t--><br \/>\n<!--\t\t--><br \/>\n<\/article>\n<p>\t\t\t\t<svg xmlns=\"http:\/\/www.w3.org\/2000\/svg\" xmlns:xlink=\"http:\/\/www.w3.org\/1999\/xlink\" x=\"0px\" y=\"0px\" width=\"28\" height=\"18\" viewbox=\"0 0 28 18\" xml:space=\"preserve\"><path d=\"M0.4,8.5c5.5,0,9.5-8.1,9.5-8.2C10.1,0,10.3,0,10.5,0.1c0.2,0.1,0.3,0.4,0.1,0.7c-0.1,0.3-2.7,5.5-6.7,7.7h23.7C27.8,8.5,28,8.7,28,9c0,0.3-0.2,0.5-0.4,0.5H3.9c4,2.2,6.6,7.4,6.7,7.7c0.1,0.2,0,0.5-0.1,0.7c-0.2,0.1-0.4,0.1-0.6-0.2c0-0.1-4.1-8.2-9.5-8.2C0.2,9.5,0,9.3,0,9C0,8.7,0.2,8.5,0.4,8.5z\"><\/path><path d=\"M0.4,8.5c5.5,0,9.5-8.1,9.5-8.2C10.1,0,10.3,0,10.5,0.1c0.2,0.1,0.3,0.4,0.1,0.7c-0.1,0.3-2.7,5.5-6.7,7.7h23.7C27.8,8.5,28,8.7,28,9c0,0.3-0.2,0.5-0.4,0.5H3.9c4,2.2,6.6,7.4,6.7,7.7c0.1,0.2,0,0.5-0.1,0.7c-0.2,0.1-0.4,0.1-0.6-0.2c0-0.1-4.1-8.2-9.5-8.2C0.2,9.5,0,9.3,0,9C0,8.7,0.2,8.5,0.4,8.5z\"><\/path><\/svg><br \/>\n<svg xmlns=\"http:\/\/www.w3.org\/2000\/svg\" xmlns:xlink=\"http:\/\/www.w3.org\/1999\/xlink\" x=\"0px\" y=\"0px\" width=\"28\" height=\"18\" viewbox=\"0 0 28 18\" xml:space=\"preserve\"><path d=\"M27.6,8.5c-5.5,0-9.5-8.1-9.5-8.2C17.9,0,17.7,0,17.5,0.1c-0.2,0.1-0.3,0.4-0.1,0.7c0.1,0.3,2.7,5.5,6.7,7.7H0.4C0.2,8.5,0,8.7,0,9c0,0.3,0.2,0.5,0.4,0.5h23.7c-4,2.2-6.6,7.4-6.7,7.7c-0.1,0.2,0,0.5,0.1,0.7c0.2,0.1,0.4,0.1,0.6-0.2c0-0.1,4.1-8.2,9.5-8.2C27.8,9.5,28,9.3,28,9C28,8.7,27.8,8.5,27.6,8.5z\"><\/path><path d=\"M27.6,8.5c-5.5,0-9.5-8.1-9.5-8.2C17.9,0,17.7,0,17.5,0.1c-0.2,0.1-0.3,0.4-0.1,0.7c0.1,0.3,2.7,5.5,6.7,7.7H0.4C0.2,8.5,0,8.7,0,9c0,0.3,0.2,0.5,0.4,0.5h23.7c-4,2.2-6.6,7.4-6.7,7.7c-0.1,0.2,0,0.5,0.1,0.7c0.2,0.1,0.4,0.1,0.6-0.2c0-0.1,4.1-8.2,9.5-8.2C27.8,9.5,28,9.3,28,9C28,8.7,27.8,8.5,27.6,8.5z\"><\/path><\/svg><\/p>","protected":false},"excerpt":{"rendered":"<p>\u201eCZAJE\u201d w j\u0119zyku polskim ma kilka znacze\u0144. Slangowo oznacza \u201erozumiem\u201d \u2013 tak jak my rozumiemy Twoje potrzeby i pragnienia. Oznacza r\u00f3wnie\u017c \u201eskrada\u0107 si\u0119 niezauwa\u017conym\u201d, i my tak\u017ce wci\u0105\u017c troch\u0119 si\u0119 jeszcze skradamy. Ale to dlatego, bo chcemy Ci\u0119 stale zaskakiwa\u0107! Istnieje te\u017c nasza w\u0142asna definicja \u201eczaje\u201d &#8211; obserwacja, rozumienie i sprawianie rado\u015bci poprzez ma\u0142e dzie\u0142a [&hellip;]<\/p>","protected":false},"author":1,"featured_media":10199,"parent":0,"menu_order":0,"comment_status":"closed","ping_status":"closed","template":"","meta":{"_acf_changed":false,"inline_featured_image":false,"footnotes":""},"class_list":["post-8881","page","type-page","status-publish","has-post-thumbnail","hentry"],"acf":[],"_links":{"self":[{"href":"https:\/\/backup.czaje.com\/en\/wp-json\/wp\/v2\/pages\/8881","targetHints":{"allow":["GET"]}}],"collection":[{"href":"https:\/\/backup.czaje.com\/en\/wp-json\/wp\/v2\/pages"}],"about":[{"href":"https:\/\/backup.czaje.com\/en\/wp-json\/wp\/v2\/types\/page"}],"author":[{"embeddable":true,"href":"https:\/\/backup.czaje.com\/en\/wp-json\/wp\/v2\/users\/1"}],"replies":[{"embeddable":true,"href":"https:\/\/backup.czaje.com\/en\/wp-json\/wp\/v2\/comments?post=8881"}],"version-history":[{"count":188,"href":"https:\/\/backup.czaje.com\/en\/wp-json\/wp\/v2\/pages\/8881\/revisions"}],"predecessor-version":[{"id":10122,"href":"https:\/\/backup.czaje.com\/en\/wp-json\/wp\/v2\/pages\/8881\/revisions\/10122"}],"wp:featuredmedia":[{"embeddable":true,"href":"https:\/\/backup.czaje.com\/en\/wp-json\/wp\/v2\/media\/10199"}],"wp:attachment":[{"href":"https:\/\/backup.czaje.com\/en\/wp-json\/wp\/v2\/media?parent=8881"}],"curies":[{"name":"wp","href":"https:\/\/api.w.org\/{rel}","templated":true}]}}