{"id":10773,"date":"2025-05-21T11:47:04","date_gmt":"2025-05-21T09:47:04","guid":{"rendered":"https:\/\/czaje.com\/?post_type=product&#038;p=10773"},"modified":"2025-12-20T11:32:09","modified_gmt":"2025-12-20T10:32:09","slug":"peachy-rasccal","status":"publish","type":"product","link":"https:\/\/backup.czaje.com\/en\/product\/peachy-rasccal\/","title":{"rendered":"Peachy Rascal"},"content":{"rendered":"<p>aromatyczna herbata<br \/>\n<\/br><\/p>\n<p>\u0141obuziarska mieszanka z chryzantem\u0105 w tle.<br \/>\nNiby aksamitna i sielsko-morelowa, a jednak potrafi da\u0107 kuksa\u0144ca w  j\u0119zyk!<br \/>\n<\/br><br \/>\nPij\u0105c j\u0105 mo\u017cna si\u0119 przekona\u0144, czy faktycznie \u0142obuz kocha najbardziej.<br \/>\n<\/br><br \/>\nPo\u0142\u0105czenie pysznego Rooibosa z jak\u017ce uwielbian\u0105 przez wszystkich tatuator\u00f3w oldschoolow\u0105 chryzantem\u0105, dodatkiem moreli i&#8230; cynamonu (!)<br \/>\nCa\u0142o\u015b, jak na true Rascala przysta\u0142o, wzmocniona imbirem i szczypt\u0105 pieprzu.<br \/>\n<\/br><\/p>\n<p><strong>Composition:<\/strong> rooibos, kwiat pomara\u0144czy, suszona morela, imbir kandyzowany, chryzantema, imbir suszony, cynamon, pieprz, naturalny aromat<br \/>\n<strong>Gramatura:<\/strong> 50g<br \/>\n<strong>Spos\u00f3b parzenia:<\/strong> 1 \u0142y\u017ceczka\/250ml, 90-98 stopni C, 5-8 min<br \/>\n<\/br><br \/>\nWyprodukowano w Polsce.<br \/>\n<\/br><\/p>","protected":false},"excerpt":{"rendered":"<p>aromatyczna herbata \u0141obuziarska mieszanka z chryzantem\u0105 w tle. Niby aksamitna i sielsko-morelowa, a jednak potrafi da\u0107 kuksa\u0144ca w j\u0119zyk! Pij\u0105c j\u0105 mo\u017cna si\u0119 przekona\u0144, czy faktycznie \u0142obuz kocha najbardziej. Po\u0142\u0105czenie pysznego Rooibosa z jak\u017ce uwielbian\u0105 przez wszystkich tatuator\u00f3w oldschoolow\u0105 chryzantem\u0105, dodatkiem moreli i&#8230; cynamonu (!) Ca\u0142o\u015b, jak na true Rascala przysta\u0142o, wzmocniona imbirem i szczypt\u0105 [&hellip;]<\/p>","protected":false},"featured_media":10774,"comment_status":"closed","ping_status":"closed","template":"","meta":{"_acf_changed":false,"inline_featured_image":false},"product_cat":[196],"product_tag":[84,90,94,95,92,93,91],"class_list":{"0":"post-10773","1":"product","2":"type-product","3":"status-publish","4":"has-post-thumbnail","6":"product_cat-herbaty-i-ziola","7":"product_tag-czaje","8":"product_tag-herbata","9":"product_tag-herbata-z-imbirem","10":"product_tag-herbaty-czaje","11":"product_tag-sencha","12":"product_tag-stay-sunny","13":"product_tag-zielona-herbata","15":"first","16":"instock","17":"taxable","18":"shipping-taxable","19":"purchasable","20":"product-type-simple"},"acf":[],"_links":{"self":[{"href":"https:\/\/backup.czaje.com\/en\/wp-json\/wp\/v2\/product\/10773","targetHints":{"allow":["GET"]}}],"collection":[{"href":"https:\/\/backup.czaje.com\/en\/wp-json\/wp\/v2\/product"}],"about":[{"href":"https:\/\/backup.czaje.com\/en\/wp-json\/wp\/v2\/types\/product"}],"replies":[{"embeddable":true,"href":"https:\/\/backup.czaje.com\/en\/wp-json\/wp\/v2\/comments?post=10773"}],"wp:featuredmedia":[{"embeddable":true,"href":"https:\/\/backup.czaje.com\/en\/wp-json\/wp\/v2\/media\/10774"}],"wp:attachment":[{"href":"https:\/\/backup.czaje.com\/en\/wp-json\/wp\/v2\/media?parent=10773"}],"wp:term":[{"taxonomy":"product_cat","embeddable":true,"href":"https:\/\/backup.czaje.com\/en\/wp-json\/wp\/v2\/product_cat?post=10773"},{"taxonomy":"product_tag","embeddable":true,"href":"https:\/\/backup.czaje.com\/en\/wp-json\/wp\/v2\/product_tag?post=10773"}],"curies":[{"name":"wp","href":"https:\/\/api.w.org\/{rel}","templated":true}]}}