{"id":10845,"date":"2025-05-28T19:43:34","date_gmt":"2025-05-28T17:43:34","guid":{"rendered":"https:\/\/czaje.com\/?post_type=product&#038;p=10845"},"modified":"2026-04-11T17:31:21","modified_gmt":"2026-04-11T15:31:21","slug":"shopperka-rozowa-ze-sznurkami-bordo","status":"publish","type":"product","link":"https:\/\/backup.czaje.com\/en\/product\/shopperka-rozowa-ze-sznurkami-bordo\/","title":{"rendered":"Shopperka r\u00f3\u017cowa ze sznurkami bordo"},"content":{"rendered":"<p>shopperka<br \/>\n<\/br><\/p>\n<p>R\u0119cznie wykonana przez Basi\u0119 torebka z uroczymi kokardami i regulowanymi r\u0105czkami <3\n<\/br><br \/>\nNa \u015awiecie jest ich tylko kilka sztuk, tak wi\u0119c to zdecydowanie bia\u0142y kruk w\u015br\u00f3d torebek!<br \/>\nIdealna na spacer, spotkanie ze znajomymi lub najwa\u017cniejsze wyj\u015bcie w Twoim \u017cyciu.<br \/>\n<\/br><br \/>\n<strong>Czas realizacji zam\u00f3wienia:<\/strong> 5-7 dni roboczych. Ale \u015bmia\u0142o pytaj, gdy\u017c wi\u0119kszo\u015b\u0107 torebek mamy dost\u0119pnych od r\u0119ki!<br \/>\n<\/br><\/p>\n<p><strong>Size:<\/strong> 55x38cm<br \/>\n<strong>D\u0142ugo\u015b\u0107 paska:<\/strong> 35-115cm<br \/>\n<strong>Fabric:<\/strong> bawe\u0142na<br \/>\n<\/br><br \/>\nWyprodukowano w Polsce.<br \/>\n<\/br><\/p>\n<p>Kolor metalowych oku\u0107:<br \/>\n<button style=\"background-color: #f6f1e8; padding:10px; border-radius:50%; border: 2px solid #f6f1e8;\" onclick=\"location.href='https:\/\/czaje.com\/produkt\/shopperka-rozowa-ze-sznurkami-ecru\/'\"><\/button>  <button style=\"background-color: #800020; padding:10px; border-radius:50%; border: 3px solid #555555;\"><\/button><\/p>\n<p><\/br><\/br><\/p>","protected":false},"excerpt":{"rendered":"<p>shopperka R\u0119cznie wykonana przez Basi\u0119 torebka z uroczymi kokardami i regulowanymi r\u0105czkami<\/p>","protected":false},"featured_media":10811,"comment_status":"closed","ping_status":"closed","template":"","meta":{"_acf_changed":false,"inline_featured_image":false},"product_cat":[195],"product_tag":[124,84,116,121,168,165,164,125,161,167,166],"class_list":{"0":"post-10845","1":"product","2":"type-product","3":"status-publish","4":"has-post-thumbnail","6":"product_cat-torebki-damskie","7":"product_tag-akcesoria-jedwabne","8":"product_tag-czaje","9":"product_tag-dodatki-modowe","10":"product_tag-dodatki-z-jedwabiu","11":"product_tag-handmade-bag","12":"product_tag-kopertowka","13":"product_tag-mala-torebka","14":"product_tag-moda-polska","15":"product_tag-torebka-damska","16":"product_tag-torebka-wizytowa","17":"product_tag-torebki","19":"first","20":"outofstock","21":"taxable","22":"shipping-taxable","23":"purchasable","24":"product-type-simple"},"acf":[],"_links":{"self":[{"href":"https:\/\/backup.czaje.com\/en\/wp-json\/wp\/v2\/product\/10845","targetHints":{"allow":["GET"]}}],"collection":[{"href":"https:\/\/backup.czaje.com\/en\/wp-json\/wp\/v2\/product"}],"about":[{"href":"https:\/\/backup.czaje.com\/en\/wp-json\/wp\/v2\/types\/product"}],"replies":[{"embeddable":true,"href":"https:\/\/backup.czaje.com\/en\/wp-json\/wp\/v2\/comments?post=10845"}],"wp:featuredmedia":[{"embeddable":true,"href":"https:\/\/backup.czaje.com\/en\/wp-json\/wp\/v2\/media\/10811"}],"wp:attachment":[{"href":"https:\/\/backup.czaje.com\/en\/wp-json\/wp\/v2\/media?parent=10845"}],"wp:term":[{"taxonomy":"product_cat","embeddable":true,"href":"https:\/\/backup.czaje.com\/en\/wp-json\/wp\/v2\/product_cat?post=10845"},{"taxonomy":"product_tag","embeddable":true,"href":"https:\/\/backup.czaje.com\/en\/wp-json\/wp\/v2\/product_tag?post=10845"}],"curies":[{"name":"wp","href":"https:\/\/api.w.org\/{rel}","templated":true}]}}