{"id":11146,"date":"2025-11-07T10:28:13","date_gmt":"2025-11-07T09:28:13","guid":{"rendered":"https:\/\/czaje.com\/?post_type=product&#038;p=11146"},"modified":"2026-04-11T16:32:49","modified_gmt":"2026-04-11T14:32:49","slug":"spice-shine","status":"publish","type":"product","link":"https:\/\/backup.czaje.com\/en\/product\/spice-shine\/","title":{"rendered":"Spice &#038; Shine"},"content":{"rendered":"<p>aromatyczna herbata<br \/>\n<\/br><\/p>\n<p>Na pro\u015bb\u0119 Poli oszlifowa\u0142y\u015bmy nieco szorstkiego Rooibosa, z\u0142\u0105czy\u0142y\u015bmy go \u0142a\u0144cuszkiem z przypraw korzennych i ozdobi\u0142y\u015bmy l\u015bni\u0105cymi kamyczkami je\u017cyny. A \u017ce na jubilerstwie nie znamy si\u0119 wystarczaj\u0105co, zamiast spektakularnej kolii powsta\u0142a herbata. I chyba na tym przystaniemy, bo mieszanka wysz\u0142a z tego wyj\u0105tkowa!<br \/>\n<\/br><br \/>\nPrzyjacielska, limitowana i czaruj\u0105ca,<br \/>\njak bi\u017cuteria MOKAVE<br \/>\n<\/br><\/p>\n<p><strong>Composition:<\/strong> rooibos, cynamon, go\u017adziki, imbir, kardamon, je\u017cyna liofilizat, wi\u015bnia liofilizat, aromat naturalny<br \/>\n<strong>Gramatura:<\/strong> 50g<br \/>\n<strong>Spos\u00f3b parzenia:<\/strong> 1 \u0142y\u017ceczka\/250ml, 90-98 stopni C, 5-8 min<br \/>\n<\/br><br \/>\nWyprodukowano w Polsce.<br \/>\n<\/br><\/p>","protected":false},"excerpt":{"rendered":"<p>aromatyczna herbata Na pro\u015bb\u0119 Poli oszlifowa\u0142y\u015bmy nieco szorstkiego Rooibosa, z\u0142\u0105czy\u0142y\u015bmy go \u0142a\u0144cuszkiem z przypraw korzennych i ozdobi\u0142y\u015bmy l\u015bni\u0105cymi kamyczkami je\u017cyny. A \u017ce na jubilerstwie nie znamy si\u0119 wystarczaj\u0105co, zamiast spektakularnej kolii powsta\u0142a herbata. I chyba na tym przystaniemy, bo mieszanka wysz\u0142a z tego wyj\u0105tkowa! Przyjacielska, limitowana i czaruj\u0105ca, jak bi\u017cuteria MOKAVE Sk\u0142ad: rooibos, cynamon, go\u017adziki, [&hellip;]<\/p>","protected":false},"featured_media":11148,"comment_status":"closed","ping_status":"closed","template":"","meta":{"_acf_changed":false,"inline_featured_image":false},"product_cat":[196],"product_tag":[84,90,94,95,92,93,91],"class_list":{"0":"post-11146","1":"product","2":"type-product","3":"status-publish","4":"has-post-thumbnail","6":"product_cat-herbaty-i-ziola","7":"product_tag-czaje","8":"product_tag-herbata","9":"product_tag-herbata-z-imbirem","10":"product_tag-herbaty-czaje","11":"product_tag-sencha","12":"product_tag-stay-sunny","13":"product_tag-zielona-herbata","15":"first","16":"outofstock","17":"taxable","18":"shipping-taxable","19":"purchasable","20":"product-type-simple"},"acf":[],"_links":{"self":[{"href":"https:\/\/backup.czaje.com\/en\/wp-json\/wp\/v2\/product\/11146","targetHints":{"allow":["GET"]}}],"collection":[{"href":"https:\/\/backup.czaje.com\/en\/wp-json\/wp\/v2\/product"}],"about":[{"href":"https:\/\/backup.czaje.com\/en\/wp-json\/wp\/v2\/types\/product"}],"replies":[{"embeddable":true,"href":"https:\/\/backup.czaje.com\/en\/wp-json\/wp\/v2\/comments?post=11146"}],"wp:featuredmedia":[{"embeddable":true,"href":"https:\/\/backup.czaje.com\/en\/wp-json\/wp\/v2\/media\/11148"}],"wp:attachment":[{"href":"https:\/\/backup.czaje.com\/en\/wp-json\/wp\/v2\/media?parent=11146"}],"wp:term":[{"taxonomy":"product_cat","embeddable":true,"href":"https:\/\/backup.czaje.com\/en\/wp-json\/wp\/v2\/product_cat?post=11146"},{"taxonomy":"product_tag","embeddable":true,"href":"https:\/\/backup.czaje.com\/en\/wp-json\/wp\/v2\/product_tag?post=11146"}],"curies":[{"name":"wp","href":"https:\/\/api.w.org\/{rel}","templated":true}]}}