{"id":11271,"date":"2025-12-03T17:20:54","date_gmt":"2025-12-03T16:20:54","guid":{"rendered":"https:\/\/czaje.com\/?post_type=product&#038;p=11271"},"modified":"2026-04-11T16:37:56","modified_gmt":"2026-04-11T14:37:56","slug":"rozalia-small","status":"publish","type":"product","link":"https:\/\/backup.czaje.com\/en\/product\/rozalia-small\/","title":{"rendered":"Rozalia small"},"content":{"rendered":"<p>wiskozowa apaszka<br \/>\n<\/br><\/p>\n<p>Nie wiem, czy istnieje oficjalna kategoria \u201ebandana o wdzi\u0119cznym imieniu\u201d, ale je\u015bli nie \u2014 to w\u0142a\u015bnie j\u0105 tworzymy.<br \/>\n<\/br>Imi\u0119, niczym cz\u0119\u015b\u0107 outfitu, nadaje charakterku. Ukazuje wyj\u0105tkow\u0105 osobowo\u015b\u0107, mo\u017ce tak\u017ce inspirowa\u0107 i wzbudza\u0107 ciekawo\u015b\u0107.<br \/>\n<\/br>W moim imieniu znajdziesz co\u015b z wiank\u00f3w plecionych nad rzek\u0105 i co\u015b z kwiat\u00f3w, kt\u00f3re kwitn\u0105 tam, gdzie nikt ich nie sadzi\u0142.<br \/>\n<\/br>Jestem serdeczna jak babcine przetwory i \u017cartobliwa jak regionalne powiedzonka.<\/p>\n<p><\/br><\/p>\n<p><strong>Composition:<\/strong> 100% wiskoza<br \/>\n<strong>Wymiary:<\/strong> 49&#215;49 cm<br \/>\n<strong>Cleaning:<\/strong> <img loading=\"lazy\" decoding=\"async\" style=\"display: inline;\" src=\"http:\/\/czaje.com\/wp-content\/uploads\/2024\/09\/ikonki-czyszczenia-apaszek.png\" alt=\"\" width=\"123\" height=\"21\" class=\"alignnone size-full wp-image-11262\" srcset=\"https:\/\/backup.czaje.com\/wp-content\/uploads\/2024\/09\/ikonki-czyszczenia-apaszek.png 123w, https:\/\/backup.czaje.com\/wp-content\/uploads\/2024\/09\/ikonki-czyszczenia-apaszek-18x3.png 18w\" sizes=\"auto, (max-width: 123px) 100vw, 123px\" \/><br \/>\n<\/br><\/br><\/p>\n<p style=\"padding-bottom:10px;\">Wielko\u015b\u0107 apaszki:<\/p>\n<p><button style=\"background-color: #FFFFFF; padding:10px; border-radius:0%; border: 2px solid #000000;\" onclick=\"location.href='https:\/\/czaje.com\/produkt\/rozalia-big\/'\">  79x79cm  <\/button>  <button style=\"background-color: #000000; color: #FFFFFF; padding:10px; border-radius:0%; border: 2px solid #000000;\" onclick=\"location.href='https:\/\/czaje.com\/produkt\/rozalia-small\/'\">  49x49cm  <\/button><br \/>\n<\/br><br \/>\nWyprodukowano w Polsce.<br \/>\n<\/br><\/p>","protected":false},"excerpt":{"rendered":"<p>wiskozowa apaszka Nie wiem, czy istnieje oficjalna kategoria \u201ebandana o wdzi\u0119cznym imieniu\u201d, ale je\u015bli nie \u2014 to w\u0142a\u015bnie j\u0105 tworzymy. Imi\u0119, niczym cz\u0119\u015b\u0107 outfitu, nadaje charakterku. Ukazuje wyj\u0105tkow\u0105 osobowo\u015b\u0107, mo\u017ce tak\u017ce inspirowa\u0107 i wzbudza\u0107 ciekawo\u015b\u0107. W moim imieniu znajdziesz co\u015b z wiank\u00f3w plecionych nad rzek\u0105 i co\u015b z kwiat\u00f3w, kt\u00f3re kwitn\u0105 tam, gdzie nikt ich [&hellip;]<\/p>","protected":false},"featured_media":11257,"comment_status":"closed","ping_status":"closed","template":"","meta":{"_acf_changed":false,"inline_featured_image":false},"product_cat":[74],"product_tag":[81,117,84,116,119],"class_list":{"0":"post-11271","1":"product","2":"type-product","3":"status-publish","4":"has-post-thumbnail","6":"product_cat-apaszki","7":"product_tag-apaszka","8":"product_tag-chusty-i-szale","9":"product_tag-czaje","10":"product_tag-dodatki-modowe","11":"product_tag-gawroszka","13":"first","14":"instock","15":"taxable","16":"shipping-taxable","17":"purchasable","18":"product-type-simple"},"acf":[],"_links":{"self":[{"href":"https:\/\/backup.czaje.com\/en\/wp-json\/wp\/v2\/product\/11271","targetHints":{"allow":["GET"]}}],"collection":[{"href":"https:\/\/backup.czaje.com\/en\/wp-json\/wp\/v2\/product"}],"about":[{"href":"https:\/\/backup.czaje.com\/en\/wp-json\/wp\/v2\/types\/product"}],"replies":[{"embeddable":true,"href":"https:\/\/backup.czaje.com\/en\/wp-json\/wp\/v2\/comments?post=11271"}],"wp:featuredmedia":[{"embeddable":true,"href":"https:\/\/backup.czaje.com\/en\/wp-json\/wp\/v2\/media\/11257"}],"wp:attachment":[{"href":"https:\/\/backup.czaje.com\/en\/wp-json\/wp\/v2\/media?parent=11271"}],"wp:term":[{"taxonomy":"product_cat","embeddable":true,"href":"https:\/\/backup.czaje.com\/en\/wp-json\/wp\/v2\/product_cat?post=11271"},{"taxonomy":"product_tag","embeddable":true,"href":"https:\/\/backup.czaje.com\/en\/wp-json\/wp\/v2\/product_tag?post=11271"}],"curies":[{"name":"wp","href":"https:\/\/api.w.org\/{rel}","templated":true}]}}