{"id":11382,"date":"2026-04-11T17:12:22","date_gmt":"2026-04-11T15:12:22","guid":{"rendered":"https:\/\/backup.czaje.com\/?post_type=product&#038;p=11382"},"modified":"2026-04-11T17:13:09","modified_gmt":"2026-04-11T15:13:09","slug":"florescence-black","status":"publish","type":"product","link":"https:\/\/backup.czaje.com\/en\/product\/florescence-black\/","title":{"rendered":"Florescence Black"},"content":{"rendered":"<p>torebka damska<br \/>\n<\/br><\/p>\n<p>R\u0119cznie wykonana przez Basi\u0119 torebka o uroczym kszta\u0142cie kwiatko-piero\u017cka <3\n<\/br><br \/>\nNa \u015awiecie jest ich tylko kilka sztuk, tak wi\u0119c to zdecydowanie bia\u0142y kruk w\u015br\u00f3d torebek!<br \/>\nIdealna na spacer, spotkanie ze znajomymi lub najwa\u017cniejszy bal w Twoim \u017cyciu.<br \/>\n<\/br><br \/>\n<strong>Czas realizacji zam\u00f3wienia:<\/strong> 3-5 dni roboczych. Ale \u015bmia\u0142o pytaj, gdy\u017c wi\u0119kszo\u015b\u0107 torebek mamy dost\u0119pnych od r\u0119ki!<\/p>\n<p><strong>Rzeczywiste kolory produkt\u00f3w mog\u0105 nieznacznie r\u00f3\u017cni\u0107 si\u0119 od tych przedstawionych na zdj\u0119ciach. <\/strong><br \/>\n<\/br><\/p>\n<p><strong>Size:<\/strong> 33x45x6cm<br \/>\n<strong>Tkanina zewn\u0119trzna:<\/strong> poliester z bawe\u0142n\u0105<br \/>\n<strong>Tkanina podszewki:<\/strong> bawe\u0142na z elastanem<br \/>\n<\/br><br \/>\nWyprodukowano w Polsce.<br \/>\n<\/br><\/p>\n<p><\/br><\/br><\/p>","protected":false},"excerpt":{"rendered":"<p>torebka damska R\u0119cznie wykonana przez Basi\u0119 torebka o uroczym kszta\u0142cie kwiatko-piero\u017cka<\/p>","protected":false},"featured_media":11371,"comment_status":"closed","ping_status":"closed","template":"","meta":{"_acf_changed":false,"inline_featured_image":false},"product_cat":[195],"product_tag":[124,84,116,121,168,165,164,125,161,167,166],"class_list":{"0":"post-11382","1":"product","2":"type-product","3":"status-publish","4":"has-post-thumbnail","6":"product_cat-torebki-damskie","7":"product_tag-akcesoria-jedwabne","8":"product_tag-czaje","9":"product_tag-dodatki-modowe","10":"product_tag-dodatki-z-jedwabiu","11":"product_tag-handmade-bag","12":"product_tag-kopertowka","13":"product_tag-mala-torebka","14":"product_tag-moda-polska","15":"product_tag-torebka-damska","16":"product_tag-torebka-wizytowa","17":"product_tag-torebki","19":"first","20":"instock","21":"taxable","22":"shipping-taxable","23":"purchasable","24":"product-type-simple"},"acf":[],"_links":{"self":[{"href":"https:\/\/backup.czaje.com\/en\/wp-json\/wp\/v2\/product\/11382","targetHints":{"allow":["GET"]}}],"collection":[{"href":"https:\/\/backup.czaje.com\/en\/wp-json\/wp\/v2\/product"}],"about":[{"href":"https:\/\/backup.czaje.com\/en\/wp-json\/wp\/v2\/types\/product"}],"replies":[{"embeddable":true,"href":"https:\/\/backup.czaje.com\/en\/wp-json\/wp\/v2\/comments?post=11382"}],"wp:featuredmedia":[{"embeddable":true,"href":"https:\/\/backup.czaje.com\/en\/wp-json\/wp\/v2\/media\/11371"}],"wp:attachment":[{"href":"https:\/\/backup.czaje.com\/en\/wp-json\/wp\/v2\/media?parent=11382"}],"wp:term":[{"taxonomy":"product_cat","embeddable":true,"href":"https:\/\/backup.czaje.com\/en\/wp-json\/wp\/v2\/product_cat?post=11382"},{"taxonomy":"product_tag","embeddable":true,"href":"https:\/\/backup.czaje.com\/en\/wp-json\/wp\/v2\/product_tag?post=11382"}],"curies":[{"name":"wp","href":"https:\/\/api.w.org\/{rel}","templated":true}]}}