{"id":8729,"date":"2022-12-05T22:27:18","date_gmt":"2022-12-05T21:27:18","guid":{"rendered":"https:\/\/czaje.com\/?post_type=product&#038;p=8729"},"modified":"2026-04-11T16:16:03","modified_gmt":"2026-04-11T14:16:03","slug":"awesome-blossom-czarna-herbata-czaje","status":"publish","type":"product","link":"https:\/\/backup.czaje.com\/en\/product\/awesome-blossom-czarna-herbata-czaje\/","title":{"rendered":"Awesome Blossom"},"content":{"rendered":"<p>aromatyczna herbata<br \/>\n<\/br><\/p>\n<p>Czarna herbata Ceylon z odrobin\u0105 kwiecistego spokoju i s\u0142odyczy.<br \/>\nEach of the intricately selected ingredients will allow you to bloom like a lotus flower on an undisturbed surface of water.<br \/>\n<\/br><br \/>\nCool or boomer - it doesn't matter! We have enclosed the whole secret garden in this mixture. There are flowers and fruits, even tea can be felt. Also, don't expect a canteen compote.<\/p>\n<p><\/br><\/p>\n<p><strong>Composition:<\/strong> Ceylon black tea, spherical evergreen, marigold, cornflower, apple, freeze-dried raspberry, freeze-dried cherry, ginseng, natural fruit flavor<br \/>\n<strong>Gramatura:<\/strong> 50g<br \/>\n<strong>Spos\u00f3b parzenia:<\/strong> 1,5 \u0142y\u017ceczki\/250ml, 85-95 stopni C, 4 min<br \/>\n<\/br><br \/>\nWyprodukowano w Polsce.<br \/>\n<\/br><\/p>","protected":false},"excerpt":{"rendered":"<p>aromatyczna herbata Czarna herbata Ceylon z odrobin\u0105 kwiecistego spokoju i s\u0142odyczy. Ka\u017cdy z misternie dobranych sk\u0142adnik\u00f3w pozwoli Ci rozkwitn\u0105\u0107 niczym kwiat lotosu na niewzburzonej tafli wody. Czaderska, czy boomerska \u2013 niewa\u017cne! W tej mieszance zamkn\u0119\u0142y\u015bmy ca\u0142y tajemniczy ogr\u00f3d. S\u0105 i kwiatki i owoce, nawet herbat\u0119 da si\u0119 wyczu\u0107. Tak\u017ce nie spodziewaj si\u0119 sto\u0142\u00f3wkowego kompotu. Sk\u0142ad: [&hellip;]<\/p>","protected":false},"featured_media":10089,"comment_status":"closed","ping_status":"closed","template":"","meta":{"_acf_changed":false,"inline_featured_image":false},"product_cat":[196],"product_tag":[97,100,96,90,98,95,99],"class_list":{"0":"post-8729","1":"product","2":"type-product","3":"status-publish","4":"has-post-thumbnail","6":"product_cat-herbaty-i-ziola","7":"product_tag-awesome-blossom","8":"product_tag-ceylon-tea","9":"product_tag-czarna-herbata","10":"product_tag-herbata","11":"product_tag-herbata-cejlonska","12":"product_tag-herbaty-czaje","13":"product_tag-mieszanki-herbat","15":"first","16":"instock","17":"taxable","18":"shipping-taxable","19":"purchasable","20":"product-type-simple"},"acf":[],"_links":{"self":[{"href":"https:\/\/backup.czaje.com\/en\/wp-json\/wp\/v2\/product\/8729","targetHints":{"allow":["GET"]}}],"collection":[{"href":"https:\/\/backup.czaje.com\/en\/wp-json\/wp\/v2\/product"}],"about":[{"href":"https:\/\/backup.czaje.com\/en\/wp-json\/wp\/v2\/types\/product"}],"replies":[{"embeddable":true,"href":"https:\/\/backup.czaje.com\/en\/wp-json\/wp\/v2\/comments?post=8729"}],"wp:featuredmedia":[{"embeddable":true,"href":"https:\/\/backup.czaje.com\/en\/wp-json\/wp\/v2\/media\/10089"}],"wp:attachment":[{"href":"https:\/\/backup.czaje.com\/en\/wp-json\/wp\/v2\/media?parent=8729"}],"wp:term":[{"taxonomy":"product_cat","embeddable":true,"href":"https:\/\/backup.czaje.com\/en\/wp-json\/wp\/v2\/product_cat?post=8729"},{"taxonomy":"product_tag","embeddable":true,"href":"https:\/\/backup.czaje.com\/en\/wp-json\/wp\/v2\/product_tag?post=8729"}],"curies":[{"name":"wp","href":"https:\/\/api.w.org\/{rel}","templated":true}]}}