{"id":8735,"date":"2022-12-05T22:27:38","date_gmt":"2022-12-05T21:27:38","guid":{"rendered":"https:\/\/czaje.com\/?post_type=product&#038;p=8735"},"modified":"2025-12-20T11:32:53","modified_gmt":"2025-12-20T10:32:53","slug":"stay-sunny-zielona-herbata-czaje","status":"publish","type":"product","link":"https:\/\/backup.czaje.com\/en\/product\/stay-sunny-zielona-herbata-czaje\/","title":{"rendered":"Stay Sunny"},"content":{"rendered":"<p>aromatyczna herbata<br \/>\n<\/br><\/p>\n<p>Sencha green tea with a touch of ferocity and ginger vitality<br \/>\nStimulation, delight, injection of positive energy - for every season, day and phase of the moon.<br \/>\n<\/br><br \/>\nFeisty perceptible ginger, softened with liquorice and verbena works wonders! You will feel the touch of the sun on your taste buds, and summer will come to your (ceramic) mug.<br \/>\n<\/br><\/p>\n<p><strong>Composition:<\/strong> Sencha green tea, ginger root, lemongrass, lemon, orange peel, licorice root, verbena, mango, natural citrus flavor<br \/>\n<strong>Gramatura:<\/strong> 50g<br \/>\n<strong>Spos\u00f3b parzenia:<\/strong> 1,5 \u0142y\u017ceczki\/250ml, 80 stopni C, 4 min<br \/>\n<\/br><br \/>\nWyprodukowano w Polsce.<br \/>\n<\/br><\/p>","protected":false},"excerpt":{"rendered":"<p>aromatyczna herbata Zielona herbata Sencha z odrobin\u0105 drapie\u017cno\u015bci i imbirowej witalno\u015bci Pobudzenie, rozkosz, zastrzyk pozytywnej energii \u2013 na ka\u017cd\u0105 por\u0119 roku, dnia i fazy ksi\u0119\u017cyca. Zadziornie wyczuwalny imbir, z\u0142agodzony lukrecj\u0105 i werben\u0105 czyni cuda! Poczujesz mu\u015bni\u0119cie s\u0142o\u0144ca na kubkach smakowych, a w Twoim kubku (ceramicznym) zago\u015bci lato. Sk\u0142ad: zielona herbata Sencha, korze\u0144 imbiru, trawa cytrynowa, [&hellip;]<\/p>","protected":false},"featured_media":10092,"comment_status":"closed","ping_status":"closed","template":"","meta":{"_acf_changed":false,"inline_featured_image":false},"product_cat":[196],"product_tag":[84,90,94,95,92,93,91],"class_list":{"0":"post-8735","1":"product","2":"type-product","3":"status-publish","4":"has-post-thumbnail","6":"product_cat-herbaty-i-ziola","7":"product_tag-czaje","8":"product_tag-herbata","9":"product_tag-herbata-z-imbirem","10":"product_tag-herbaty-czaje","11":"product_tag-sencha","12":"product_tag-stay-sunny","13":"product_tag-zielona-herbata","15":"first","16":"instock","17":"taxable","18":"shipping-taxable","19":"purchasable","20":"product-type-simple"},"acf":[],"_links":{"self":[{"href":"https:\/\/backup.czaje.com\/en\/wp-json\/wp\/v2\/product\/8735","targetHints":{"allow":["GET"]}}],"collection":[{"href":"https:\/\/backup.czaje.com\/en\/wp-json\/wp\/v2\/product"}],"about":[{"href":"https:\/\/backup.czaje.com\/en\/wp-json\/wp\/v2\/types\/product"}],"replies":[{"embeddable":true,"href":"https:\/\/backup.czaje.com\/en\/wp-json\/wp\/v2\/comments?post=8735"}],"wp:featuredmedia":[{"embeddable":true,"href":"https:\/\/backup.czaje.com\/en\/wp-json\/wp\/v2\/media\/10092"}],"wp:attachment":[{"href":"https:\/\/backup.czaje.com\/en\/wp-json\/wp\/v2\/media?parent=8735"}],"wp:term":[{"taxonomy":"product_cat","embeddable":true,"href":"https:\/\/backup.czaje.com\/en\/wp-json\/wp\/v2\/product_cat?post=8735"},{"taxonomy":"product_tag","embeddable":true,"href":"https:\/\/backup.czaje.com\/en\/wp-json\/wp\/v2\/product_tag?post=8735"}],"curies":[{"name":"wp","href":"https:\/\/api.w.org\/{rel}","templated":true}]}}