{"id":8738,"date":"2022-12-05T22:26:20","date_gmt":"2022-12-05T21:26:20","guid":{"rendered":"https:\/\/czaje.com\/?post_type=product&#038;p=8738"},"modified":"2025-12-10T15:36:23","modified_gmt":"2025-12-10T14:36:23","slug":"zielona-herbata-wild-child","status":"publish","type":"product","link":"https:\/\/backup.czaje.com\/en\/product\/zielona-herbata-wild-child\/","title":{"rendered":"Wild Child"},"content":{"rendered":"<p>aromatyczna herbata<br \/>\n<\/br><\/p>\n<p>Sencha green tea with a touch of excitement and forest inspiration<br \/>\nWildness in the heart and wildness in the cup. It will be perfect for every rebellious soul!<br \/>\n<\/br><br \/>\nThanks to (barely!) tamed fruit ingredients and beautifully perceptible Sencha tea, you will feel that your blood flows much faster and you will gain a wild desire to discover the undiscovered. This brew will definitely set you free!<br \/>\n<\/br><\/p>\n<p><strong>Composition:<\/strong> Sencha green tea, bamboo leaf, freeze-dried strawberry, blackcurrant, freeze-dried blackberry, rose, natural fruit flavor<br \/>\n<strong>Gramatura:<\/strong> 50g<br \/>\n<strong>Spos\u00f3b parzenia:<\/strong> 1,5 \u0142y\u017ceczki\/250ml, 80 stopni C, 4 min<br \/>\n<\/br><br \/>\nWyprodukowano w Polsce.<br \/>\n<\/br><\/p>","protected":false},"excerpt":{"rendered":"<p>aromatyczna herbata Zielona herbata Sencha z odrobin\u0105 ekscytacji i le\u015bnych inspiracji Dziko\u015b\u0107 w sercu i dziko\u015b\u0107 w kubku. Dla ka\u017cdej niepokornej duszy sprawdzi si\u0119 w sam raz! Dzi\u0119ki (ledwo!) ujarzmionym owocowym sk\u0142adnikom i pi\u0119knie wyczuwalnej herbacie Sencha, poczujesz, \u017ce krew p\u0142ynie znacznie szybciej i nabierzesz dzikiej ochoty na odkrywanie nieodkrytego. Ten napar zdecydowanie Ci\u0119 wyzwoli! [&hellip;]<\/p>","protected":false},"featured_media":10088,"comment_status":"closed","ping_status":"closed","template":"","meta":{"_acf_changed":false,"inline_featured_image":false},"product_cat":[196],"product_tag":[90,102,95,104,99,101,92,105,91,103],"class_list":{"0":"post-8738","1":"product","2":"type-product","3":"status-publish","4":"has-post-thumbnail","6":"product_cat-herbaty-i-ziola","7":"product_tag-herbata","8":"product_tag-herbata-z-owocami","9":"product_tag-herbaty-czaje","10":"product_tag-herbaty-organiczne","11":"product_tag-mieszanki-herbat","12":"product_tag-owoce-lesne","13":"product_tag-sencha","14":"product_tag-wild-child","15":"product_tag-zielona-herbata","16":"product_tag-ziola","18":"first","19":"outofstock","20":"taxable","21":"shipping-taxable","22":"purchasable","23":"product-type-simple"},"acf":[],"_links":{"self":[{"href":"https:\/\/backup.czaje.com\/en\/wp-json\/wp\/v2\/product\/8738","targetHints":{"allow":["GET"]}}],"collection":[{"href":"https:\/\/backup.czaje.com\/en\/wp-json\/wp\/v2\/product"}],"about":[{"href":"https:\/\/backup.czaje.com\/en\/wp-json\/wp\/v2\/types\/product"}],"replies":[{"embeddable":true,"href":"https:\/\/backup.czaje.com\/en\/wp-json\/wp\/v2\/comments?post=8738"}],"wp:featuredmedia":[{"embeddable":true,"href":"https:\/\/backup.czaje.com\/en\/wp-json\/wp\/v2\/media\/10088"}],"wp:attachment":[{"href":"https:\/\/backup.czaje.com\/en\/wp-json\/wp\/v2\/media?parent=8738"}],"wp:term":[{"taxonomy":"product_cat","embeddable":true,"href":"https:\/\/backup.czaje.com\/en\/wp-json\/wp\/v2\/product_cat?post=8738"},{"taxonomy":"product_tag","embeddable":true,"href":"https:\/\/backup.czaje.com\/en\/wp-json\/wp\/v2\/product_tag?post=8738"}],"curies":[{"name":"wp","href":"https:\/\/api.w.org\/{rel}","templated":true}]}}