{"id":9086,"date":"2023-04-05T15:50:50","date_gmt":"2023-04-05T13:50:50","guid":{"rendered":"https:\/\/czaje.com\/?post_type=product&#038;p=9086"},"modified":"2025-12-15T18:57:43","modified_gmt":"2025-12-15T17:57:43","slug":"jedwabna-apaszka-your-own-order","status":"publish","type":"product","link":"https:\/\/backup.czaje.com\/en\/product\/jedwabna-apaszka-your-own-order\/","title":{"rendered":"Your Own Order"},"content":{"rendered":"<p>silk scarf<br \/>\n<\/br><\/p>\n<p>It is a mesmerizing version of ordered reality.<br \/>\nWhether you're in control of your life or just trying to sort things out, this scarf will take you to a perfect world where everything goes your way and you're your very own GIRL BOSS<br \/>\n<\/br><br \/>\nDiscover your own order!<br \/>\n<\/br><\/p>\n<p><strong>Composition:<\/strong> 100% natural silk<br \/>\n<strong>Wymiary:<\/strong> 70&#215;70 cm<br \/>\n<strong>Cleaning:<\/strong> r\u0119czne<br \/>\n<\/br><br \/>\nWyprodukowano w Polsce.<br \/>\n<\/br><\/p>","protected":false},"excerpt":{"rendered":"<p>jedwabna apaszka To hipnotyzuj\u0105ca wersja uporz\u0105dkowanej rzeczywisto\u015bci. Niewa\u017cne, czy panujesz nad swoim \u017cyciem, czy te\u017c dopiero starasz si\u0119 uporz\u0105dkowa\u0107 pewne sprawy, ta apaszka przeniesie Ci\u0119 do idealnego \u015bwiata, gdzie wszystko idzie po Twojej my\u015bli i jeste\u015b swoj\u0105 w\u0142asn\u0105 GIRL BOSS Odkryj sw\u00f3j w\u0142asny porz\u0105dek! Sk\u0142ad: 100% jedwab naturalny Wymiary: 70&#215;70 cm Czyszczenie: r\u0119czne Wyprodukowano w [&hellip;]<\/p>","protected":false},"featured_media":9088,"comment_status":"closed","ping_status":"closed","template":"","meta":{"_acf_changed":false,"inline_featured_image":false},"product_cat":[74],"product_tag":[124,81,86,117,84,116,121,119,85,82,120,125,123],"class_list":{"0":"post-9086","1":"product","2":"type-product","3":"status-publish","4":"has-post-thumbnail","6":"product_cat-apaszki","7":"product_tag-akcesoria-jedwabne","8":"product_tag-apaszka","9":"product_tag-apaszki-czaje","10":"product_tag-chusty-i-szale","11":"product_tag-czaje","12":"product_tag-dodatki-modowe","13":"product_tag-dodatki-z-jedwabiu","14":"product_tag-gawroszka","15":"product_tag-jedwab","16":"product_tag-jedwabna-apaszka","17":"product_tag-jedwabne-szale","18":"product_tag-moda-polska","19":"product_tag-silk","21":"first","22":"instock","23":"sale","24":"taxable","25":"shipping-taxable","26":"purchasable","27":"product-type-simple"},"acf":[],"_links":{"self":[{"href":"https:\/\/backup.czaje.com\/en\/wp-json\/wp\/v2\/product\/9086","targetHints":{"allow":["GET"]}}],"collection":[{"href":"https:\/\/backup.czaje.com\/en\/wp-json\/wp\/v2\/product"}],"about":[{"href":"https:\/\/backup.czaje.com\/en\/wp-json\/wp\/v2\/types\/product"}],"replies":[{"embeddable":true,"href":"https:\/\/backup.czaje.com\/en\/wp-json\/wp\/v2\/comments?post=9086"}],"wp:featuredmedia":[{"embeddable":true,"href":"https:\/\/backup.czaje.com\/en\/wp-json\/wp\/v2\/media\/9088"}],"wp:attachment":[{"href":"https:\/\/backup.czaje.com\/en\/wp-json\/wp\/v2\/media?parent=9086"}],"wp:term":[{"taxonomy":"product_cat","embeddable":true,"href":"https:\/\/backup.czaje.com\/en\/wp-json\/wp\/v2\/product_cat?post=9086"},{"taxonomy":"product_tag","embeddable":true,"href":"https:\/\/backup.czaje.com\/en\/wp-json\/wp\/v2\/product_tag?post=9086"}],"curies":[{"name":"wp","href":"https:\/\/api.w.org\/{rel}","templated":true}]}}