{"id":9093,"date":"2023-04-05T15:53:25","date_gmt":"2023-04-05T13:53:25","guid":{"rendered":"https:\/\/czaje.com\/?post_type=product&#038;p=9093"},"modified":"2025-12-15T18:57:57","modified_gmt":"2025-12-15T17:57:57","slug":"jedwabna-apaszka-chaotic-chic","status":"publish","type":"product","link":"https:\/\/backup.czaje.com\/en\/product\/jedwabna-apaszka-chaotic-chic\/","title":{"rendered":"Chaotic Chic"},"content":{"rendered":"<p>silk scarf<br \/>\n<\/br><\/p>\n<p>A multitude of thoughts and a billion ideas per minute, mess, chaos ... have we just described you yourself? Than it's a match! This scarf will become the only matching thing in your unique reality!<br \/>\n<\/br><br \/>\nJe\u015bli najlepiej czujesz si\u0119 w nieuporz\u0105dkowanym (oczywi\u015bcie zdaniem innych) otoczeniu, a Twoje dzia\u0142ania s\u0105 na poz\u00f3r chaotyczne \u2013 nie martw si\u0119! Te\u017c tak mamy!  Mo\u017ce i nie radzimy sobie z wieloma rzeczami, jednak potrafimy czerpa\u0107 z \u017cycia rado\u015b\u0107. I Ciebie te\u017c do tego zach\u0119camy<br \/>\n<\/br><br \/>\nLet's make some <del datetime=\"2024-09-20T21:34:49+00:00\">noise<\/del> chaos together!<br \/>\n<\/br><br \/>\n<strong>Composition:<\/strong> 100% natural silk<br \/>\n<strong>Wymiary:<\/strong> 70&#215;70 cm<br \/>\n<strong>Cleaning:<\/strong> r\u0119czne<br \/>\n<\/br><br \/>\nWyprodukowano w Polsce.<br \/>\n<\/br><\/p>","protected":false},"excerpt":{"rendered":"<p>A multitude of thoughts and a billion ideas per minute, mess, chaos ... have we just described you yourself? Than it's a match! This scarf will become the only matching thing in your unique reality!<\/p>\n<p>If you feel best in a disorderly (obviously according to others) environment, and your actions are seemingly chaotic - don't worry! So do we! <img loading=\"lazy\" decoding=\"async\" class=\"alignnone size-full wp-image-8493\" src=\"http:\/\/czaje.com\/wp-content\/uploads\/2022\/07\/icon_serce.png\" alt=\"\" width=\"19\" height=\"15\" \/> We may not be able to cope with many things, but we can enjoy life. And we encourage you to do the same<\/p>\n<p>Let's make some <del datetime=\"2023-04-05T13:53:29+00:00\">noise<\/del> chaos together!<\/p>","protected":false},"featured_media":9107,"comment_status":"closed","ping_status":"closed","template":"","meta":{"_acf_changed":false,"inline_featured_image":false},"product_cat":[74],"product_tag":[81,86,122,117,84,116,121,119,85,82,120],"class_list":{"0":"post-9093","1":"product","2":"type-product","3":"status-publish","4":"has-post-thumbnail","6":"product_cat-apaszki","7":"product_tag-apaszka","8":"product_tag-apaszki-czaje","9":"product_tag-chaotic-chic","10":"product_tag-chusty-i-szale","11":"product_tag-czaje","12":"product_tag-dodatki-modowe","13":"product_tag-dodatki-z-jedwabiu","14":"product_tag-gawroszka","15":"product_tag-jedwab","16":"product_tag-jedwabna-apaszka","17":"product_tag-jedwabne-szale","19":"first","20":"instock","21":"sale","22":"taxable","23":"shipping-taxable","24":"purchasable","25":"product-type-simple"},"acf":[],"_links":{"self":[{"href":"https:\/\/backup.czaje.com\/en\/wp-json\/wp\/v2\/product\/9093","targetHints":{"allow":["GET"]}}],"collection":[{"href":"https:\/\/backup.czaje.com\/en\/wp-json\/wp\/v2\/product"}],"about":[{"href":"https:\/\/backup.czaje.com\/en\/wp-json\/wp\/v2\/types\/product"}],"replies":[{"embeddable":true,"href":"https:\/\/backup.czaje.com\/en\/wp-json\/wp\/v2\/comments?post=9093"}],"wp:featuredmedia":[{"embeddable":true,"href":"https:\/\/backup.czaje.com\/en\/wp-json\/wp\/v2\/media\/9107"}],"wp:attachment":[{"href":"https:\/\/backup.czaje.com\/en\/wp-json\/wp\/v2\/media?parent=9093"}],"wp:term":[{"taxonomy":"product_cat","embeddable":true,"href":"https:\/\/backup.czaje.com\/en\/wp-json\/wp\/v2\/product_cat?post=9093"},{"taxonomy":"product_tag","embeddable":true,"href":"https:\/\/backup.czaje.com\/en\/wp-json\/wp\/v2\/product_tag?post=9093"}],"curies":[{"name":"wp","href":"https:\/\/api.w.org\/{rel}","templated":true}]}}