{"id":9095,"date":"2023-04-05T15:58:39","date_gmt":"2023-04-05T13:58:39","guid":{"rendered":"https:\/\/czaje.com\/?post_type=product&#038;p=9095"},"modified":"2026-04-11T16:16:32","modified_gmt":"2026-04-11T14:16:32","slug":"jedwabna-apaszka-soft-soul-club","status":"publish","type":"product","link":"https:\/\/backup.czaje.com\/en\/product\/jedwabna-apaszka-soft-soul-club\/","title":{"rendered":"Soft Soul Club"},"content":{"rendered":"<p>silk scarf<br \/>\n<\/br><\/p>\n<p>Butter silk scarf, like Miss Universe, promises to bring peace to your life.<br \/>\nStanie si\u0119 idealn\u0105 kompank\u0105 zar\u00f3wno dla poszukuj\u0105cych balansu, jak i dla tych, kt\u00f3rzy s\u0105 z nim za pan brat. W jej towarzystwie zaczniesz czerpa\u0107 rado\u015b\u0107 z najmniejszych rzeczy  i obudzisz w sobie zapomnian\u0105 ju\u017c dzieci\u0119c\u0105 beztrosk\u0119.<\/p>\n<p>Let there be BALANCE in your everyday life!<br \/>\n<\/br><\/p>\n<p><strong>Composition:<\/strong> 100% natural silk<br \/>\n<strong>Wymiary:<\/strong> 70&#215;70 cm<br \/>\n<strong>Cleaning:<\/strong> r\u0119czne<br \/>\n<\/br><br \/>\nWyprodukowano w Polsce.<br \/>\n<\/br><\/p>","protected":false},"excerpt":{"rendered":"<p>jedwabna apaszka Mase\u0142kowa, jedwabna apaszka, niczym Miss Universe obiecuje zaprowadzi\u0107 pok\u00f3j w Twoim \u017cyciu. Stanie si\u0119 idealn\u0105 kompank\u0105 zar\u00f3wno dla poszukuj\u0105cych balansu, jak i dla tych, kt\u00f3rzy s\u0105 z nim za pan brat. W jej towarzystwie zaczniesz czerpa\u0107 rado\u015b\u0107 z najmniejszych rzeczy i obudzisz w sobie zapomnian\u0105 ju\u017c dzieci\u0119c\u0105 beztrosk\u0119. Niech w Twojej codzienno\u015bci zago\u015bci [&hellip;]<\/p>","protected":false},"featured_media":9103,"comment_status":"closed","ping_status":"closed","template":"","meta":{"_acf_changed":false,"inline_featured_image":false},"product_cat":[74],"product_tag":[81,117,84,116,121,119,85,82,120,115,118],"class_list":{"0":"post-9095","1":"product","2":"type-product","3":"status-publish","4":"has-post-thumbnail","6":"product_cat-apaszki","7":"product_tag-apaszka","8":"product_tag-chusty-i-szale","9":"product_tag-czaje","10":"product_tag-dodatki-modowe","11":"product_tag-dodatki-z-jedwabiu","12":"product_tag-gawroszka","13":"product_tag-jedwab","14":"product_tag-jedwabna-apaszka","15":"product_tag-jedwabne-szale","16":"product_tag-polski-jedwab","17":"product_tag-soft-soul-club","19":"first","20":"instock","21":"sale","22":"taxable","23":"shipping-taxable","24":"purchasable","25":"product-type-simple"},"acf":[],"_links":{"self":[{"href":"https:\/\/backup.czaje.com\/en\/wp-json\/wp\/v2\/product\/9095","targetHints":{"allow":["GET"]}}],"collection":[{"href":"https:\/\/backup.czaje.com\/en\/wp-json\/wp\/v2\/product"}],"about":[{"href":"https:\/\/backup.czaje.com\/en\/wp-json\/wp\/v2\/types\/product"}],"replies":[{"embeddable":true,"href":"https:\/\/backup.czaje.com\/en\/wp-json\/wp\/v2\/comments?post=9095"}],"wp:featuredmedia":[{"embeddable":true,"href":"https:\/\/backup.czaje.com\/en\/wp-json\/wp\/v2\/media\/9103"}],"wp:attachment":[{"href":"https:\/\/backup.czaje.com\/en\/wp-json\/wp\/v2\/media?parent=9095"}],"wp:term":[{"taxonomy":"product_cat","embeddable":true,"href":"https:\/\/backup.czaje.com\/en\/wp-json\/wp\/v2\/product_cat?post=9095"},{"taxonomy":"product_tag","embeddable":true,"href":"https:\/\/backup.czaje.com\/en\/wp-json\/wp\/v2\/product_tag?post=9095"}],"curies":[{"name":"wp","href":"https:\/\/api.w.org\/{rel}","templated":true}]}}