{"id":9206,"date":"2023-04-05T20:02:44","date_gmt":"2023-04-05T18:02:44","guid":{"rendered":"https:\/\/czaje.com\/?post_type=product&#038;p=9206"},"modified":"2025-12-17T13:01:10","modified_gmt":"2025-12-17T12:01:10","slug":"zaparzacz-pearl-in-shell","status":"publish","type":"product","link":"https:\/\/backup.czaje.com\/en\/product\/zaparzacz-pearl-in-shell\/","title":{"rendered":"Pearl in Shell"},"content":{"rendered":"<p>Tea infuser<br \/>\n<\/br><\/p>\n<p>Je\u015bli jednym z Twoich ulubionych napoi jest herbata, nie masz wyboru! Musisz mie\u0107 zaparzacz  Czemu wi\u0119c nie mia\u0142by by\u0107 taki cuuute jak ten?<br \/>\n<\/br><br \/>\nThe shell tea infuser will make your day even more pleasant at the stage of boiling water.<br \/>\nNow all that's left is to choose your favorite tea or herbal infusion and get to work!<br \/>\n<\/br><\/p>\n<p><strong>Material:<\/strong> stainless steel, mother of pearl<br \/>\n<strong>Size:<\/strong> zaparzacz \u2013 5,5cm, \u0142a\u0144cuszek \u2013 11cm, zawieszka \u2013 4-6cm (mo\u017ce si\u0119 r\u00f3\u017cni\u0107 od zawieszki na zdj\u0119ciu)<br \/>\n<\/br><\/p>","protected":false},"excerpt":{"rendered":"<p>zaparzacz do herbaty Je\u015bli jednym z Twoich ulubionych napoi jest herbata, nie masz wyboru! Musisz mie\u0107 zaparzacz Czemu wi\u0119c nie mia\u0142by by\u0107 taki cuuute jak ten? Muszelkowy zaparzacz do herbaty umili Ci dzie\u0144 ju\u017c na etapie gotowania wody. Teraz zosta\u0142o ju\u017c tylko wybra\u0107 ulubion\u0105 herbat\u0119 lub napar zio\u0142owy i do dzie\u0142a! Materia\u0142: stal nierdzewna, masa [&hellip;]<\/p>","protected":false},"featured_media":10216,"comment_status":"closed","ping_status":"closed","template":"","meta":{"_acf_changed":false,"inline_featured_image":false},"product_cat":[197],"product_tag":[110,112,111,84,90,94,95,107,108,91],"class_list":{"0":"post-9206","1":"product","2":"type-product","3":"status-publish","4":"has-post-thumbnail","6":"product_cat-zaparzacz-do-herbaty","7":"product_tag-akcesoria-do-herbaty","8":"product_tag-akcesoria-do-parzenia-herbaty","9":"product_tag-akcesoria-kuchenne","10":"product_tag-czaje","11":"product_tag-herbata","12":"product_tag-herbata-z-imbirem","13":"product_tag-herbaty-czaje","14":"product_tag-zaparzacz","15":"product_tag-zaparzacz-do-herbaty","16":"product_tag-zielona-herbata","18":"first","19":"instock","20":"taxable","21":"shipping-taxable","22":"purchasable","23":"product-type-simple"},"acf":[],"_links":{"self":[{"href":"https:\/\/backup.czaje.com\/en\/wp-json\/wp\/v2\/product\/9206","targetHints":{"allow":["GET"]}}],"collection":[{"href":"https:\/\/backup.czaje.com\/en\/wp-json\/wp\/v2\/product"}],"about":[{"href":"https:\/\/backup.czaje.com\/en\/wp-json\/wp\/v2\/types\/product"}],"replies":[{"embeddable":true,"href":"https:\/\/backup.czaje.com\/en\/wp-json\/wp\/v2\/comments?post=9206"}],"wp:featuredmedia":[{"embeddable":true,"href":"https:\/\/backup.czaje.com\/en\/wp-json\/wp\/v2\/media\/10216"}],"wp:attachment":[{"href":"https:\/\/backup.czaje.com\/en\/wp-json\/wp\/v2\/media?parent=9206"}],"wp:term":[{"taxonomy":"product_cat","embeddable":true,"href":"https:\/\/backup.czaje.com\/en\/wp-json\/wp\/v2\/product_cat?post=9206"},{"taxonomy":"product_tag","embeddable":true,"href":"https:\/\/backup.czaje.com\/en\/wp-json\/wp\/v2\/product_tag?post=9206"}],"curies":[{"name":"wp","href":"https:\/\/api.w.org\/{rel}","templated":true}]}}