{"id":9291,"date":"2023-04-18T12:50:01","date_gmt":"2023-04-18T10:50:01","guid":{"rendered":"https:\/\/czaje.com\/?post_type=product&#038;p=9291"},"modified":"2025-11-10T11:07:56","modified_gmt":"2025-11-10T10:07:56","slug":"pleasant-journey","status":"publish","type":"product","link":"https:\/\/backup.czaje.com\/en\/product\/pleasant-journey\/","title":{"rendered":"Pleasant Journey"},"content":{"rendered":"<p>zio\u0142owy napar<br \/>\n<\/br><\/p>\n<p>The blissful aroma of this unusual blend will bring you into a state of relief and peace, and all the hardships of everyday life will flow off of you like insignificant words of a former partner.<br \/>\n<\/br><br \/>\nS\u0142odycz lipy i lukrecji oblepi j\u0119zyk, \u017ceby przypadkiem \u017cadne g\u0142upstwa Ci si\u0119 nie wymskn\u0119\u0142y. Rumianek wspomo\u017ce wra\u017cliwe serce i ukoi nerwy, a rabarbar doda odrobiny zadziornej kwasowo\u015bci \u2013 w ko\u0144cu ma tu zapanowa\u0107 balans!<br \/>\n<\/br><\/p>\n<p><strong>Composition:<\/strong> honeybush, linden blossom, jasmine, raspberry leaf, whole chamomile flower, liquorice, rhubarb root<br \/>\n<strong>Magic Powers:<\/strong> Rebalances, Relaxes, Regenerates, Gives Good Advice<br \/>\n<strong>Gramatura:<\/strong> 50g<br \/>\n<strong>Spos\u00f3b parzenia:<\/strong> 1,5 \u0142y\u017ceczki\/250ml, 100 stopni C, 10 min<br \/>\n<\/br><br \/>\nWyprodukowano w Polsce.<br \/>\n<\/br><\/p>","protected":false},"excerpt":{"rendered":"<p>zio\u0142owy napar B\u0142ogi aromat tej niezwyk\u0142ej mieszanki wprowadzi Ci\u0119 w stan ukojenia i spokoju, a wszelkie trudy dnia codziennego sp\u0142yn\u0105 po Tobie, jak nic nieznacz\u0105ce s\u0142owa by\u0142ego partnera. S\u0142odycz lipy i lukrecji oblepi j\u0119zyk, \u017ceby przypadkiem \u017cadne g\u0142upstwa Ci si\u0119 nie wymskn\u0119\u0142y. Rumianek wspomo\u017ce wra\u017cliwe serce i ukoi nerwy, a rabarbar doda odrobiny zadziornej kwasowo\u015bci [&hellip;]<\/p>","protected":false},"featured_media":10112,"comment_status":"closed","ping_status":"closed","template":"","meta":{"_acf_changed":false,"inline_featured_image":false},"product_cat":[196],"product_tag":[84,90,129,127,126,131,103,130,134],"class_list":{"0":"post-9291","1":"product","2":"type-product","3":"status-publish","4":"has-post-thumbnail","6":"product_cat-herbaty-i-ziola","7":"product_tag-czaje","8":"product_tag-herbata","9":"product_tag-mieszanka-ziolowa","10":"product_tag-napar","11":"product_tag-napar-ziolowy","12":"product_tag-pleasant-journey","13":"product_tag-ziola","14":"product_tag-ziola-i-napary","15":"product_tag-ziola-z-podlasia","17":"first","18":"outofstock","19":"taxable","20":"shipping-taxable","21":"purchasable","22":"product-type-simple"},"acf":[],"_links":{"self":[{"href":"https:\/\/backup.czaje.com\/en\/wp-json\/wp\/v2\/product\/9291","targetHints":{"allow":["GET"]}}],"collection":[{"href":"https:\/\/backup.czaje.com\/en\/wp-json\/wp\/v2\/product"}],"about":[{"href":"https:\/\/backup.czaje.com\/en\/wp-json\/wp\/v2\/types\/product"}],"replies":[{"embeddable":true,"href":"https:\/\/backup.czaje.com\/en\/wp-json\/wp\/v2\/comments?post=9291"}],"wp:featuredmedia":[{"embeddable":true,"href":"https:\/\/backup.czaje.com\/en\/wp-json\/wp\/v2\/media\/10112"}],"wp:attachment":[{"href":"https:\/\/backup.czaje.com\/en\/wp-json\/wp\/v2\/media?parent=9291"}],"wp:term":[{"taxonomy":"product_cat","embeddable":true,"href":"https:\/\/backup.czaje.com\/en\/wp-json\/wp\/v2\/product_cat?post=9291"},{"taxonomy":"product_tag","embeddable":true,"href":"https:\/\/backup.czaje.com\/en\/wp-json\/wp\/v2\/product_tag?post=9291"}],"curies":[{"name":"wp","href":"https:\/\/api.w.org\/{rel}","templated":true}]}}