{"id":9303,"date":"2023-04-18T13:53:53","date_gmt":"2023-04-18T11:53:53","guid":{"rendered":"https:\/\/czaje.com\/?post_type=product&#038;p=9303"},"modified":"2025-12-16T21:56:55","modified_gmt":"2025-12-16T20:56:55","slug":"dont-hate-meditate","status":"publish","type":"product","link":"https:\/\/backup.czaje.com\/en\/product\/dont-hate-meditate\/","title":{"rendered":"Don&#8217;t hate, meditate"},"content":{"rendered":"<p>zio\u0142owy napar<br \/>\n<\/br><\/p>\n<p>A lovingly crafted blend for all overthinkers<br \/>\n<\/br><br \/>\nJe\u015bli jeste\u015b typem wra\u017cliwca i ca\u0142ymi dniami i nocami rozwa\u017casz wszelkie mo\u017cliwe scenariusze lub zwyczajnie przyt\u0142acza Ci\u0119 nadmiar obowi\u0105zk\u00f3w \u2013 ten napar jest dla Ciebie! Aromatyczny li\u015b\u0107 melisy uporz\u0105dkuje my\u015bli, passiflora pomo\u017ce w regulacji uk\u0142adu nerwowego, a lawenda i chmiel wespr\u0105 Ci\u0119 swoimi uspokajaj\u0105cymi w\u0142a\u015bciwo\u015bciami.<br \/>\n<\/br><br \/>\nIt's such a nice and sometimes much needed hug in the form of an infusion<br \/>\n<\/br><\/p>\n<p><strong>Composition:<\/strong> passion flower (passiflora), lemon balm leaf, lavender flower, valerian root, elderberry, hop cones<br \/>\n<strong>Magic Powers:<\/strong> calms down, soothes, regulates the nervous system, sings lullabies<br \/>\n<strong>Gramatura:<\/strong> 50g<br \/>\n<strong>Spos\u00f3b parzenia:<\/strong> 1,5 \u0142y\u017ceczki\/250ml, 100 stopni C, 10 min<br \/>\n<\/br><br \/>\nWyprodukowano w Polsce.<br \/>\n<\/br><\/p>","protected":false},"excerpt":{"rendered":"<p>zio\u0142owy napar Stworzona z czu\u0142o\u015bci\u0105 mieszanka, przeznaczona dla wszystkich overthinkers Je\u015bli jeste\u015b typem wra\u017cliwca i ca\u0142ymi dniami i nocami rozwa\u017casz wszelkie mo\u017cliwe scenariusze lub zwyczajnie przyt\u0142acza Ci\u0119 nadmiar obowi\u0105zk\u00f3w \u2013 ten napar jest dla Ciebie! Aromatyczny li\u015b\u0107 melisy uporz\u0105dkuje my\u015bli, passiflora pomo\u017ce w regulacji uk\u0142adu nerwowego, a lawenda i chmiel wespr\u0105 Ci\u0119 swoimi uspokajaj\u0105cymi w\u0142a\u015bciwo\u015bciami. [&hellip;]<\/p>","protected":false},"featured_media":10103,"comment_status":"closed","ping_status":"closed","template":"","meta":{"_acf_changed":false,"inline_featured_image":false},"product_cat":[196],"product_tag":[84,135,90,129,127,126,103,130,134],"class_list":{"0":"post-9303","1":"product","2":"type-product","3":"status-publish","4":"has-post-thumbnail","6":"product_cat-herbaty-i-ziola","7":"product_tag-czaje","8":"product_tag-dont-hate-meditate","9":"product_tag-herbata","10":"product_tag-mieszanka-ziolowa","11":"product_tag-napar","12":"product_tag-napar-ziolowy","13":"product_tag-ziola","14":"product_tag-ziola-i-napary","15":"product_tag-ziola-z-podlasia","17":"first","18":"instock","19":"taxable","20":"shipping-taxable","21":"purchasable","22":"product-type-simple"},"acf":[],"_links":{"self":[{"href":"https:\/\/backup.czaje.com\/en\/wp-json\/wp\/v2\/product\/9303","targetHints":{"allow":["GET"]}}],"collection":[{"href":"https:\/\/backup.czaje.com\/en\/wp-json\/wp\/v2\/product"}],"about":[{"href":"https:\/\/backup.czaje.com\/en\/wp-json\/wp\/v2\/types\/product"}],"replies":[{"embeddable":true,"href":"https:\/\/backup.czaje.com\/en\/wp-json\/wp\/v2\/comments?post=9303"}],"wp:featuredmedia":[{"embeddable":true,"href":"https:\/\/backup.czaje.com\/en\/wp-json\/wp\/v2\/media\/10103"}],"wp:attachment":[{"href":"https:\/\/backup.czaje.com\/en\/wp-json\/wp\/v2\/media?parent=9303"}],"wp:term":[{"taxonomy":"product_cat","embeddable":true,"href":"https:\/\/backup.czaje.com\/en\/wp-json\/wp\/v2\/product_cat?post=9303"},{"taxonomy":"product_tag","embeddable":true,"href":"https:\/\/backup.czaje.com\/en\/wp-json\/wp\/v2\/product_tag?post=9303"}],"curies":[{"name":"wp","href":"https:\/\/api.w.org\/{rel}","templated":true}]}}