{"id":9499,"date":"2023-11-20T19:33:37","date_gmt":"2023-11-20T18:33:37","guid":{"rendered":"https:\/\/czaje.com\/?post_type=product&#038;p=9499"},"modified":"2025-12-10T09:09:46","modified_gmt":"2025-12-10T08:09:46","slug":"for-all-seasons-and-all-reasons","status":"publish","type":"product","link":"https:\/\/backup.czaje.com\/en\/product\/for-all-seasons-and-all-reasons\/","title":{"rendered":"For all seasons and all reasons"},"content":{"rendered":"<p>zio\u0142owy napar<br \/>\n<\/br><\/p>\n<p>Ten napar jest jak \u201ema\u0142a czarna\u201d dla kobiety \u2013 warto go mie\u0107 w swojej szafce! My co prawda preferujemy kolory, jednak chyba ka\u017cdego czasem nachodzi ch\u0119\u0107 na klasyk\u0119. Po\u0142\u0105czy\u0142y\u015bmy wi\u0119c kolorowe i super zdrowe owoce z klasycznymi zio\u0142ami. Tak powsta\u0142 napar wzmacniaj\u0105cy ODPORNO\u015a\u0106.<br \/>\n<\/br><br \/>\nSzczeg\u00f3lnie przydatny w okresie przej\u015bciowym, aby wzmocni\u0107 organizm i przegoni\u0107 wszystkie chor\u00f3bska. Ale nie tylko! Niewa\u017cne jak\u0105 mamy por\u0119 roku, zawsze jest dobry pow\u00f3d do picia zi\u00f3\u0142ek <3\n<\/br><br \/>\n<\/br><\/p>\n<p><strong>Composition:<\/strong> owoc rokitnika, owoc czarnego bzu, owoc tarniny, ziele je\u017c\u00f3wki purpurowej, kwiat lipy, w\u0105z\u00f3wka tawu\u0142a, \u015blaz dziki, kora wierzby<br \/>\n<strong>Magic Powers:<\/strong> dostarcza witaminy C, dzia\u0142a przeciwwirusowo i przeciwzapalnie, to nasza \u201ero\u015blinna aspiryna\u201d<br \/>\n<strong>Gramatura:<\/strong> 50g<br \/>\n<strong>Spos\u00f3b parzenia:<\/strong> 1,5 \u0142y\u017ceczki\/250ml, 100 stopni C, 10 min<br \/>\n<\/br><br \/>\nWyprodukowano w Polsce.<br \/>\n<\/br><\/p>","protected":false},"excerpt":{"rendered":"<p>zio\u0142owy napar Ten napar jest jak \u201ema\u0142a czarna\u201d dla kobiety \u2013 warto go mie\u0107 w swojej szafce! My co prawda preferujemy kolory, jednak chyba ka\u017cdego czasem nachodzi ch\u0119\u0107 na klasyk\u0119. Po\u0142\u0105czy\u0142y\u015bmy wi\u0119c kolorowe i super zdrowe owoce z klasycznymi zio\u0142ami. Tak powsta\u0142 napar wzmacniaj\u0105cy ODPORNO\u015a\u0106. Szczeg\u00f3lnie przydatny w okresie przej\u015bciowym, aby wzmocni\u0107 organizm i przegoni\u0107 [&hellip;]<\/p>","protected":false},"featured_media":10109,"comment_status":"closed","ping_status":"closed","template":"","meta":{"_acf_changed":false,"inline_featured_image":false},"product_cat":[196],"product_tag":[84,135,90,129,127,126,103,130,134],"class_list":{"0":"post-9499","1":"product","2":"type-product","3":"status-publish","4":"has-post-thumbnail","6":"product_cat-herbaty-i-ziola","7":"product_tag-czaje","8":"product_tag-dont-hate-meditate","9":"product_tag-herbata","10":"product_tag-mieszanka-ziolowa","11":"product_tag-napar","12":"product_tag-napar-ziolowy","13":"product_tag-ziola","14":"product_tag-ziola-i-napary","15":"product_tag-ziola-z-podlasia","17":"first","18":"outofstock","19":"taxable","20":"shipping-taxable","21":"purchasable","22":"product-type-simple"},"acf":[],"_links":{"self":[{"href":"https:\/\/backup.czaje.com\/en\/wp-json\/wp\/v2\/product\/9499","targetHints":{"allow":["GET"]}}],"collection":[{"href":"https:\/\/backup.czaje.com\/en\/wp-json\/wp\/v2\/product"}],"about":[{"href":"https:\/\/backup.czaje.com\/en\/wp-json\/wp\/v2\/types\/product"}],"replies":[{"embeddable":true,"href":"https:\/\/backup.czaje.com\/en\/wp-json\/wp\/v2\/comments?post=9499"}],"wp:featuredmedia":[{"embeddable":true,"href":"https:\/\/backup.czaje.com\/en\/wp-json\/wp\/v2\/media\/10109"}],"wp:attachment":[{"href":"https:\/\/backup.czaje.com\/en\/wp-json\/wp\/v2\/media?parent=9499"}],"wp:term":[{"taxonomy":"product_cat","embeddable":true,"href":"https:\/\/backup.czaje.com\/en\/wp-json\/wp\/v2\/product_cat?post=9499"},{"taxonomy":"product_tag","embeddable":true,"href":"https:\/\/backup.czaje.com\/en\/wp-json\/wp\/v2\/product_tag?post=9499"}],"curies":[{"name":"wp","href":"https:\/\/api.w.org\/{rel}","templated":true}]}}